{"id":17,"date":"2013-08-14T18:00:55","date_gmt":"2013-08-14T16:00:55","guid":{"rendered":"http:\/\/neuropolis.eu.212-8-206-150.preview.greensta.de\/wordpress\/?page_id=17"},"modified":"2020-07-14T20:56:11","modified_gmt":"2020-07-14T18:56:11","slug":"chronik","status":"publish","type":"page","link":"http:\/\/www.neuropolis.eu\/?page_id=17","title":{"rendered":"Chronik"},"content":{"rendered":"\n<p>Vorstand 2020 &#8211; 2021<\/p>\n<p>\u00c4nne-Marthe K\u00fchn<br>Caroline K\u00fchner<br>Ann-Kristin Mayr<\/p>\n<p>Vorstand 2017 &#8211; 2019<\/p>\n<p>Gabi Bartels<br \\=\"\">\u00c4nne-Marthe K\u00fchn<br>Sebastian D\u00f6ring<\/p>\n<p>Vorstand 2015 &#8211; 2016<\/p>\n<p>Gabi Bartels<br>\u00c4nne-Marthe K\u00fchn<br>Sebastian D\u00f6ring<\/p>\n<p>Vorstand 2013 &#8211; 2014<\/p>\n<p>Gabi Bartels<br>\u00c4nne-Marthe K\u00fchn<br>Sebastian D\u00f6ring<\/p>\n<p>Vorstand 2010 &#8211; 2012<\/p>\n<p>Deborah Zehnder<br>Nina Hofst\u00f6tter<br>Janko Dietrich<\/p>\n<p>Vorstand 2008 &#8211; 2010<\/p>\n<p>Deborah Zehnder<br>Nina Hofst\u00f6tter<br>Janko Dietrich<\/p>\n<p>2008 &#8211; Vereinsgr\u00fcndung<\/p>\n<p>Im April 2008 trafen sich die neuropolis-Macher der vergangenen Jahre und gr\u00fcndeten den Verein neuropolis!<\/p>\n<p>2007 \u2013 up\u2019n&#8217;away<\/p>\n<p>15.04.2007: Interaktive theatrale Umsetzung der Lebenssituation eines real von der Abschiebung bedrohten 18-j\u00e4hrigen Kurden. Auff\u00fchrung und Diskussion im Theaterhaus Mitte. Projekt in Kooperation mit WeGe ins Leben e. V. \/ Beratungs- und Betreuungszentrum (BBZ) f\u00fcr junge MigrantInnen und mit dem Regisseur Krzysztof Minkowski (www.k-minkowski.de).<\/p>\n<p>2006 &#8211; Europ\u00e4isches Theater- und Medienfestival<\/p>\n<p>1. bis 4. Juni 2006 in Kooperation mit Polen und Frankreich<\/p>\n<p>[slideshow id = 5] Aus dem Vorwort des Programmheftes: Ganz au\u00dfer Konkurrenz und ohne Etikette aber mit Karacho singen wir ganz laut: Bitte mehr Mitte. Nur so viel, ein Wiedersehen mit den Blicklichtern der Frischetheke, ein Wunschkonzert der ersten Stunde. In der Grauzone lieber lauter br\u00fcllen, denn die Entdeckungsreise geht auch ohne Notstromaggregat. Mehr Bass aus Frankreich, mehr Drums aus Polen und hepp, fertig los. Im Studio nebenan ist die Wiedergabe abhanden gekommen. Wir stellen uns lebenslang vor, coole S\u00e4ue scheitern nicht, doch in der Sophienstra\u00dfe 22a haben sie in Echtzeit zugesagt und die wei\u00dfe Fl\u00e4che steht regungslos den Aufbauzeiten gegen\u00fcber. Am Koppenplatz im Hinterhof geht es weiter, denn kontaktlos ist Stra\u00dfenkunst nicht. Eher \u00fcberm\u00fctig probieren wir aus, durch zuckers\u00fc\u00dfe Kultur mit cut and paste und Raumplan, die Hure Babylon wiederzutreffen. Ein casino th\u00e9\u00e2tral das brauchst du, das suchst du. 30 Worte ohne \u00dcbertitel \u2013 international known. Neuropolis zeigt Theater, Installationen und Ausstellungen aus Deutschland, Polen und Frankreich in Kooperation mit der Studiob\u00fchne Mitte, dem Theaterhaus Mitte und dem Okno-Festival. Wir freuen uns \u00fcber die Schirmherrschaft von Markus Meckel, Mitglied des Deutschen Bundestags, und Bart\u0142omiej Sochan\u00b4ski, Honorarkonsul von Deutschland in Stettin.<\/p>\n<p>01.06.2006 \/ studiob\u00fchne mitte: Der kleine H\u00e4welmann \/ Regie: Jens-Uwe Sprengel \/ Musik: Udo Koloska \/ B\u00fchne: Heide Scholl\u00e4hn \/ Kost\u00fcm: Alexandra Bentele<br>Es spielen: Thomas Falk und Franka Schwuchow<br>01.06.2006 \/ studiob\u00fchne mitte: Der Wald \/ Regie: Veit Schubert \/ Es spielen: Mirco Kreibich und Jens Tramsen (Berlin)<br>02.06.2006 \/ studiob\u00fchne mitte: Eng Land \/ Regie: Lotte Meinzer und Thomas Proksch \/ Es spielen: Beate Kaulitz, Lotte Meinzer, Lukas Besuch, Hermann Heisig, Thomas Proksch<br>02.06.2006 \/ theaterhaus mitte: Sch\u00f6ne Hure Stadt \/ Regie: Jannis Klasing \/ Dramaturgie: Martin Hammer \/ Sounddesign: Tobias Katus Es spielen: Nina Bergner, Johannes K\u00fchn, Friederike Becht, Tobias Dorband, Anne Haug (Berlin)<br>03.06.2006 \/ studiob\u00fchne mitte: Poza wariata \/ Krzysztof Jerzak (Stettin, Polen)<br>03.06.2006 \/ theaterhaus mitte: S.l.i.v.a.d. R.o.g.e.r. \/ Es spielen: Fleur Helluin, Marianne Jacquet, G\u00e9rald Kurdian, Laurent Lasselin, Valentin Plessy<br>03.06.2006 \/ theaterhaus mitte: Electrodysee \/ Musikalisches H\u00f6rspiel in 10 Bildern (in einer Textfassung von Lorenz Liebold unter Verwendung von Texten von Chris Alexander, Bertolt Brecht, Die Fantastischen Vier, Karl Mickel und Heiner M\u00fcller) Christian Kuzio und Lorenz Liebold (Rostock)<br>04.06.2006 \/ studiob\u00fchne mitte: Na zachoud od Sao Paolo \/ Regie: Sebastian Majewski \/ Es spielen: Angelika Cegielska, Patrycja Czyszpak, Karolina Marciniak, Sebastian Majewski \/ Nach einer Erz\u00e4hlung von Andreas Pilgner<br>04.06.2006 \/ theaterhaus mitte: Salom\u00e9 \/ Regie: Michael Vogel \/ Musik: Charlotte Wilde Es spielen: Katarina Feje\u0161owa Smaczny, Ewa Gajewska, Agnieszka Mozejko, Urszula Raczkowska, Dagmara Sowa, Marcin Bartnikowski, Pawe\u0142 Chomczyk, Karol Smaczny<\/p>\n<p>2005 &#8211; Festival f\u00fcr junges europ\u00e4isches Theater (7. Theatertreffen der Berliner Hochschulen)<\/p>\n<p>28. Mai bis 5. Juni 2005<\/p>\n<p>[slideshow id=1]<\/p>\n<p>Neuropolis fand 2004\/2005 gleichzeitig als Projekttutorium an der Humboldt-Universit\u00e4t zu Berlin im Seminar f\u00fcr Theaterwissenschaft\/Kulturelle Kommunikation statt. Im Wintersemester 2004\/2005 und Sommersemester 2005 nutzten zahlreiche Studenten unter der Leitung von Nona Schulte-R\u00f6mer, Deborah Zehnder und Janko Dietrich die Chance \u201cKulturelle HandlungSpielR\u00e4ume\u201d zu erforschen und praktische Erfahrungen im Kulturmanagement am Beispiel eines interkulturellen Theaterfestivals, namentlich also neuropolis zu sammeln. Das Ergebnis war dann auch das bislang gr\u00f6\u00dfte neuropolis-Festival. Anderthalb Wochen wurden \u00fcber hundert K\u00fcnstler pr\u00e4sentiert. Die ausf\u00fchrliche Doku mit allen Fotos\u2026<\/p>\n<p>28.05.2005 theaterhaus mitte: Ywonna \/ Otrajet \/ Darsteller: Aleksandra Rutkowska, Kerem Can, Katja Hufgard, Andrzej Fikus, Sylwia Mroczkowska, Michael Mill, Sabine B\u00f6hm, Silke Z\u00e4ngerle \/ Kost\u00fcme und Maske: Piotr Kaluza \/ Licht: Mathias Schulz\/Maria Kempinska \/ Regieassistenz: Maria Kempinska \/ Regie: Detlev Seitz \/ Konzeption und Produktion: Aleksandra Rutkowska \/ Detlev Seitz \/ Grafik: Maja Krzanowski<br>28.05.2005 theaterhaus mitte: Alcalica (Konzert) \/ Leon Dane (GR\/GB): beats, synth and stylophone \/ Julie Loi (D\/I): voice, Kalimba and small musical objects\/ klinke2000 (D): video, sound and image<br>29.05.2005 studiob\u00fchne mitte: Lucky Happy &amp; Happy Lucky (Theater Puta Madre, Berlin) \/ Darsteller: Runa Abu Saleh, Franziska Naumann, Mich\u00e8le Stieber, Moritz R\u00f6hl, Nicolai Wendland \/ Jan Dirk Roggenkamp: Regie \/ Stephanie Lehmann: Dramaturgie \/ Katharina Pappok: B\u00fchne\/Kost\u00fcm<br>29.05.2005 theaterhaus mitte: Narodowy Drag Queen (National Drag Queen) \/ Teatr Patrz mi na usta (Theatre Read my Lips, Danzig) \/ Krzysztof \u201cLeon\u201d Dziemaszkiewicz: Performer, director, choreographer \/ Bozena Eltermann: Performer \/ Marek Kakareko: Performer \/ Alicja Gruca-Florczak: Haute Cauture \/ Przemek Szalecki: Technic<br>30.05.2005 studiob\u00fchne mitte: Das Gl\u00fcck hatte ich mir anders vorgestellt (Theater Absurda Comica, Berlin, in Zusammenarbeit mit der Hochschule f\u00fcr Schauspielkunst \u201cErnst Busch\u201d Berlin, Abt. Puppenspielkunst) \/ Mina Tinaburri, Inga Schmidt: Konzeption, Figuren, B\u00fchne \/ Inga Schmidt: Figuren-, Objekte- und Schauspiel: Inga Schmidt \/ Mina Tinaburri: Regie \/ Ulli Ernitz: Produktionsleitung \/ nach Romanmotiven von Aglaja Veteranyl<br>31.05.2005 studiob\u00fchne mitte: Die Nacht kurz vor den W\u00e4ldern (Current Circuit, Berlin) \/ Olli Rickenbacher: Darsteller \/ Klaus Gehre: Regie\/B\u00fchne \/ Christian Rakow: Dramaturgie \/ Marcus Gammel: Ton \/ nach Bernard-Marie Kolt\u00e8s<br>31.05.2005 theaterhaus mitte: Du siehst etwas, was ich nicht sah \u2013 Daumenkino mit Livemusik (Volker Gerling\/Leon B\u00f6ckem\u00fchl, Berlin)<br>01.06.2005 studiob\u00fchne mitte: Amoklauf. Mein Kinderspiel 4.0 (K\u00f6hler\/Freyer, Berlin) \/ Darsteller: Thomas Freyer, Elisabeth Heckel, Thomas Braungardt, Cornelia Rosenkranz \/ Tilmann K\u00f6hler: Regie \/ Gilvan Co\u00ealho de Olveira: B\u00fchne\/Kost\u00fcm \/ Jens Gybers: B\u00fchnenbildassistenz \/ Lucia Stuhler: Kost\u00fcmassistenz \/ Thomas Freyer: Autor<br>01.06.2005 theaterhaus mitte: Warten\u2026 (s.m.s., Berlin\/Stettin) \/ Performance: Sabine Sarnighausen, Patricja Spychalski \/ Krzystof Minkowski: Regie<br>01.06.2005 theaterhaus mitte: Supermix (Isabelle Molina , Berlin) \/ Tanz: Anne-Katrin Brinkmann, Beate Kaulitz, Barbara Gamper \/ Ton: M. Kl\u00fctz \/ Choreographie: Isabelle Molina<br>01.06.2005 theaterhaus mitte: Lucid me (Christiane Kretschmer, Gie\u00dfen) \/ Von und mit: Christiane Kretschmer, Mayte Zimmermann \/ Technik: Matthias Meppelink<br>01.06.2005 theaterhaus mitte: \u00dcber das Marionettentheater \/ Darsteller: Karl Kolb \/ Regie: Andrea Tralles<br>01.06.2005 theaterhaus mitte: Mutantmorphosis (Kollektiv Kamikaze, Berlin) \/ Mit: Sergio Goni, Judith Zabel, Philuppe Orobon \/ Regie: Sergio Goni \/ Animation: Eva O. Ugartemendia \/ Technik&amp;Ton: Christian Anslinger \/ Musik: Ken Mutant \/ Licht: Alexander Pintz<br>02.06.2005 studiob\u00fchne mitte: Und dann ging die Sonne auf \/ Regie &amp; Textbearbeitung: Birte Hebold \/ Ausstattung &amp; Technik &amp; Endregie: Nicola Reinm\u00f6ller<br>02.06.2005 theaterhaus mitte: Performance mit miejska s\u00b4ciez\u00b2ka zdrowia\/ the last Man on Earth (Tor\u00fan)<br>03.06.2005 studiob\u00fchne mitte: Joschka Fischers langer Lauf zu sich selbst \/ Darsteller: Maximilian Grill \/ Regieassistenz: Kristin Domr\u00f6se \/ Regie: Andre R\u00f6\u00dfler \/ Kamera: J.F. Gallas<br>03.06.2005 studiob\u00fchne mitte: Die Wahl der Fantastischen M\u00f6glichkeit (Moya en aarde Theater, Berlin) \/ Darsteller &amp; Text: Yvette Coetzee \/ Regie: Hendrik Mannes \/ Musik: Niklas Zimmer, Adam Lieber \/ Videoanimation: Tyson Cross \/ Technik: Oliver Szewc<br>03.06.2005 theaterhaus mitte: Zupa\/Suppe (Grupa Muflasz, Polen) \/ Abelard Giza, Woijciech Tremiszewski, Szymon Jachimek<br>04.06.2005 studiob\u00fchne mitte: Sonne durch die Wand (S.M.S., Berlin \/ Stettin) \/ Regie &amp; Musik: Krzystof Minkowski \/ Performance: Sabine Sarnighausen &amp; Patricja Spychalski<br>04.06.2005 theaterhaus mitte: Slam (Teatr Bretoncaffe, Warschau) \/ Text &amp; Regie: Slawomir Krawczynski \/ Choreografie: Anna Godowska \/ Tanz: Anita Wach \/ Vocal Action &amp; Musik: Dominik Strycharski \/ Licht: Jaroslaw Sadkowski<br>04.06.2005 ETI (Europ\u00e4isches Theaterinstitut): RATAT\u00d6SKA (Rumpelr\u00e4gy): Christopher Linke (voc)\/Alexej Solod (guit)\/Leon Bentele (keys)\/Lukas Oelm\u00fcller (b)\/Jan K\u00f6ppl (guit)\/S\u00f6hnke Vosgerau (dr)<br>04.06.2005 ETI (Europ\u00e4isches Theaterinstitut): TERCERA MANO (Trastero): Yohandy Gonzales (guit,voc)\/Alvaro Sanchez (guit)\/Otto Pinto (tp)\/Thorsten Otto (b)\/Sven Kirschlager (dr)<br>05.06.2005 theaterhaus mitte: Bohuwatohu oder Schneewitzel, Schneewatzel &amp; Schneewutzel (Potemkin, Essen) \/ Darsteller: Julia Br\u00f6msel, Oda Zuschneid, Charles Toulouse \/ Musik: Johannes Eimermacher \/Inszenierung: Angela Khoun \/ Ausstattung: Regina R\u00f6sing \/ Text: Peter Siefert<\/p>\n<p>2004 \u2013 neur\/okno 6. Theatertreffen der Berliner Hochschulen<\/p>\n<p>31. Januar bis 7. Februar 2004 in Kooperation mit okno (Theaterfestival in Stettin, Polen)<\/p>\n<p>[slideshow id = 2]<\/p>\n<p>31.01.2004 \/ theaterhaus mitte: Deutsche Schlacht-Spiele &#8211; Eine Szenenfolge aus dem fr\u00f6hlichen Jugendleben \/ Schauspielschule INAC \/ K\u00fcnstlerische Leitung: Thomas Wieck, Nadja St\u00fcbinger \/ Texte: u.a. Thomas Mann, Heiner M\u00fcller \/ Es spielten: Julia Becker, Esther Falk, Verena Linnemann, Jaqueline Philipp, Sascha Bluhm, Sebastian von Merveldt. Dennis Reiter, Bj\u00f6rn Roth, Oliver S\u00f6llner<br>01.02.2004 \/ studiob\u00fchne mitte: Suchen Gl\u00fcck, Liebe und so (Nach dem Theaterdeb\u00fct von Frau S. B.) \/ Regie: Christoph Gerzymisch &amp; Frank Schuncke \/ Es spielten: Liana Raddatz, Loki Leopold, Heike Kretzler, Jens Polster, Konstanze Grotkopp, Felix Herzog, Franziska Nagel \/ Ausstattung: Konstanze Grotkopp<br>01.02.2004 \/ theaterhaus mitte: Der Nudelfresser von Wilfried Happel \/ Es spielte: Friedrich Haug \/ k\u00fcnstlerische Leitung: Nicole Utecht \/ Ausstattung: Margit Platte<br>02.02.2004 \/ theaterhaus mitte: Profis &amp; Profile Vol. 20 \/ AUFBRUCH # 2 \/ neuropolis im verflixten 7. Jahr \/ Diskussion mit Judith Rohrbeck (neuropolis; Theaterwissenschaft\/ Humboldt-Universit\u00e4t) | Dr. Christa Hasche (studiob\u00fchne mitte; Theaterwissenschaft\/ Humboldt-Universit\u00e4t) | Felix W\u00fcnsche (FU-Studiob\u00fchne) | Matthias Lilienthal (Intendant Hebbel-Theater, Hau 1-3) | Moderation: Dr. Antje Budde (Theaterwissenschaft\/ Humboldt-Universit\u00e4t)<br>03.02.2004 \/ studiob\u00fchne mitte: HausNeuRose (Fragmente der Liebe 1) \/ theater konstellationen pr\u00e4sentiert ein Diplomprojekt der Hochschule f\u00fcr Schauspielkunst \u201eErnst Busch\u201d \/ Es spielte: Patricia Christmann \/ Regie: Jonas Knecht \/ Dramaturgie: Marc Lippuner \/ Austattung: Friederike Sommerfeld<br>03.02.2004 \/ theaterhaus mitte: Der Fall Ikarus \u2013 Betrachtungen von Engeln und Maschinen (Studierende der Hochschule f\u00fcr Schauspielkunst \u201eErnst Busch\u201d) \/ Es spielte: Florian Feisel \/ Regie: Thomas Schiffmacher \/ Szenografie: Florian Feisel \/ Musik: Wiebke Holm \/ Licht: Alexander Dzierzon \/ Kost\u00fcm: Pascale M\u00fchl<br>04.02.2004 \/ studiob\u00fchne mitte: Technika Punktu swietlnego \u2013 Im Rampenlicht (Ch\u00f3ry Gertrudy Stein) \/ nach Philip Dimitri Gallas \/ Es spielten: Piotr Szrajber, Marcin Brzozowski, Grzegorz Stosz \/ Regie: Piotr Szrajber, Marcin Brzozowski, Grzegorz Stosz<br>04.02.2004 \/ theaterhaus mitte: Ophelias Schattentheater &amp; Fl\u00fcgelschl\u00e4ge \u2013 Hochschule f\u00fcr Schauspielkunst \u201eErnst Busch\u201d\/ Es spielten: Annika Pilstl, Jae Hee Moon \/ K\u00fcnstlerische Mitarbeit: Wera Herzberg \/ Technik: Wiebke Holm \/ Ausstattung: Andreas Pilstl<br>05.02.2004 \/ theaterhaus mitte: Truflasz, czyli polowanie na dzika (\u201cTr\u00fcffelsucher\u201d, Wildschwein-Jagd) \/ Theatr Muflasz \/ Es spielten: Wojciech Tremiszewski, Abelard Giza \/ Regie: Abelard Giza, Wojciech Tremiszewski \/ Text: Leon Mouflages<br>06.02.2004 \/ studiob\u00fchne mitte: A ma s\u0153ur \u2013 An meine Schwester \/ CoraKor (Die ETAGE -Schule f\u00fcr die Darstellenden K\u00fcnste e.V.) \/ Es spielten: Marianne Cornil, Ronny Korneli \/ Regie: Aleksandar Acev<br>07.02.2004 \/ studiob\u00fchne mitte: Gaz \u2013 Gas von Szymon Wroblewski \/ Aktion \u201eZygmunt\u201d \/ Es spielten: Alina Czyzewska, Zuzanna Wojciszke, Pawel Danielewicz, Krystian Godlewski, Marek Kosciolek, Mariusz Tarnozek \/ K\u00fcnstlerische Leitung: Ewa Ignaczak, Daniel Jacewicz<br>07.02.2004 \/ theaterhaus mitte: Wurst und Schokolade (Studierende der UdK)\/ Es spielten: Helene Bosch, Franziska Dick, Hauke Heumann, Roman Kanonik, Andreas Schwankel, Mariam Zaree \/ Regie: Karim Cherif \/ Assistent: Dietrich Rauch \/ Dramaturgie: Juliane M\u00e4nnel \/ B\u00fchne: Stephanie Schleipel \/ Musik: Patrick Petzhold<\/p>\n<p>2003 \u2013 5. Theatertreffen der Berliner Hochschulen<\/p>\n<p>31. Januar bis 8. Februar 2003 unter der Schirmherrschaft des Theaterhaus Mitte (Berlin)<\/p>\n<p>[slideshow id=3]<\/p>\n<p>31.01.2003: Geschlossene Gesellschaft \/ Kurzschlu\u00dftheater (UdK \/ HU) \/ Regie: Miriam Chouaib \/ Es spielten: J\u00f6rn Glitzenhirn, Ute Randerath, Nadine Mettke, Martin Unger<br>01.02.2003: Die Kreuzigung \/ Theatermithandlungensemble (FU \/ HU) \/ Text: Daniel Bickermann \/ Regie: Daniela Aue, Kathrin Veser \/ Es spielten: Steffen Hahmann, Tilmann Schmidt, Kathrin Veser, Elisa M\u00fcller, Janet Schumann, Dirk Helmers, Henrike Topp<br>03.02.2003: La Musica Zwei \/ Text: August Stindberg \/ Theater puta madre (HU) \/ Regie: Jan Dirk Roggenkamp \/ Dramaturgie: Stephanie Lehmann \/ Es spielten: Mich\u00e8le Stieber, Stephan Wapenhans, Jan Sch\u00f6nberg<br>04.02.2003: H\u00f6chste Eisenbahn! \/ Text: Friedrich Hollaender \/ artdeshauses (HU) \/ Regie: Maike Schaafberg, Ariane Wendland \/ Es spielten: Tatjana Bartel, Solveig Fischer, Maria Jamborsky, Maike Schaafberg, Michael Birkholz, S\u00f6ren Ergang, Alexander Heuvels, Matthias B\u00fcdinger \/ Musiker\/innen: Max Rauscher, Klavier; Sabine Bremer, Violine; Silvia Kieckh\u00f6fer, Schlagzeug; Anders Grop, Bass; Philipp Gropper, Klarinette<br>05.02.2003: All in the Timing \/ four plays by David Ives (Foreplay, Mere Mortals, Variations on the death of Trotzky, Sure Thing) \/ Prompt! The English Drama Group (FU) \/ Regie: Celina Teague, Marieke Zwilling, Manon Eden, Marieke Zwilling \/ Es spieltn: Erik Schmitt, Celina Teague, Folke Renken, Eleanor Sumner, Martin Wilbers, Wibke Joswig, Florian Fleischmann, Sabrina Fleck, Tjane Hartenstein, Steffi Bub, John Tammena, Susanne Hartmann, Katharina Freund, Ricarda Otte<br>06.02.2003: Ausz\u00fcge aus Marieluise \/ Text: Kerstin Specht \/ Regie: Nico Dietrich \/ (HfS Ernst Busch \/ Udk) \/ Es spielten: Franziska Dick, Anna Eger, Jana Gwosdek<br>07.02.2003: Go with the flow \/ Mars-Production (HU) \/ Text und Regie: Britta Yvonne Janke \/ Dramaturgie: Sandra Kl\u00f6ss \/ Es spielten: Christian Rodenberg, Judith Kriebel, Silke von Wrangel, Susi Kreckel<br>08.02.2003: Lettische Dramatik \u2013 Szenische Lesung (HU) \/ Text: Mara Zalite \/ Margarita Pervenecka \/ Inszenierung: Inga Rozentale \/ \u00dcbersetzung: Inga Rozentale (Korrektur: Nikolaus Becker) \/ Das Gericht | Mara Zalite | Margarete | Mara Zalite | Vergi\u00dfmeinnicht auf Wurstpapier | Margarita Pervenecka | Es spielten: Frank Haller, Simone Heine, Hanno Hochmuth, Boris Kahnert, Patrizia Kleinheinz, Sandra Kl\u00f6ss, Christian Rodenberg<\/p>\n<p>2002 \u2013 4. Theatertreffen der Berliner Hochschulen<\/p>\n<p>1. bis 8. Februar 2002<\/p>\n<p>[slideshow id = 4] Unter der Schirmherrschaft des Maxim Gorki Theaters. Erstmals fand neuropolis als Wettbewerb statt. Als erster Preis winkte eine Auff\u00fchrung im Gorki Theater. In der Jury waren unter anderem: \u2026<\/p>\n<p>01.02.2002: Krankheit der Jugend \/ Ferdinand Bruckner \/ thalattatheater, StudentInnen des Studiengangs Theaterwissenschaft der Humboldt-Universit\u00e4t \/ Regie: Anna Therese Schmidt, Britta Janke\/ Darsteller: Susanne Metzger, Alex Speck, Susi Kreckel, Giuliana Middelhoff, Judith Kriebel, Tino Schulz<br>03.02.2002: Heidi, das Original \u2013 Nach dem Roman von Johanna Spyri (Hochschule f\u00fcr Schauspielkunst Ernst Busch)\/ Regie: Markus Joss \/ Darsteller: Lutz Grossmann, Patricia Christmann, Jonas Knecht, Juliane Strittmatter<br>05.02.2002: Methusalem oder der ewige B\u00fcrger \/ Von Ivan Goll \/ Ensemble vorgang \/ Regie: Hilde Stark \/ Darsteller: u. a. Sascha Berner, Sandra Kl\u00f6ss, Olaf Dr\u00f6ge<br>06.02.2002: Warten auf G. nach Samuel Beckett (Theatergruppe mars) \/ Regie: Marc Eggert \/ Darsteller: u. a. Julian Krohn, Ingo Solms, Katharina Erben<br>07.02.2002: Perla Marina \/ Von Abilio Est\u00e9vez\/ Regie: Eddy Socorro \/ Abschlu\u00dfarbeit des zweiten Jahrgangs Theaterp\u00e4dagogik der Universit\u00e4t der K\u00fcnste<br>08.02.2002: Wolokolamsker Chaussee III \u2013 V \/ Von Heiner M\u00fcller \/ Regie: Peter Hanslik \/ Darsteller: Ludwig Haugk, Peter Hanslik, Frauke Braunss, Claudia Kresak, Rainer Menge, Daniel Rothe<\/p>\n<p>2001 \u2013 3. Theatertreffen der Berliner Hochschulen<\/p>\n<p>2. Februar bis 10. Februar 2001 unter der Schirmherrschaft der Schaub\u00fchne am Lehniner Platz<\/p>\n<p>02.02.2001: Othell@<br>03.02.2001: Romeo und Julia<br>04.02.2001: Frischfleisch (Bildhauer Et Hobbybastler Michael)<br>05.02.2001: Aimee und Jaguar<br>06.02.2001: Mythen gesch\u00e4lt und erz\u00e4hlt<br>07.02.2001: Das M\u00e4rchen von Schneewittchen<br>08.02.2001: Brim<br>09.02.2001: Tr\u00e4nen aus Blut: Medea<br>10.02.2001: Generation Berlin<\/p>\n<p>2000 &#8211; 2. Theatertreffen der Berliner Hochschulen<\/p>\n<p>29. Januar bis 9. Februar 2000 unter der Schirmherrschaft von Prof. Dr. Hans Meyer<\/p>\n<p>01.02.2000: Koltes \u2013 \u201cTabataba\u201d (KH Wei\u00dfensee) &#8211; Regie: Martin Perlbach<br>01.02.2000: \u201dBon Voyage\u201d (HdK) &#8211; Theater Tetrapiloktomie, &#8211; Von und mit Wolf Dieckmann und Lazio Klapcsik<br>02.02.2000: \u201dBest of Sophiengala\u201d (HU) &#8211; Von und mit Tatjana Bartel und Christine Senkbeil<br>03.02.2000: \u201dSzene(n)Studien\u201d (HfS Ernst Busch) u.a. : \u201cDer gescheite Hans\u201d, Karin Schmitt und Patricia Christmann<br>04.02.2000: \u201dFranzobel \u2013 Die Krautflut\u201d (HU, HdK, FU) Eine Produktion der \u201cFehler Pan Tappert\u201d \u2013 Galerie, Regie: Jan Schiele<br>05.02.2000: \u201dFrischfleisch\u201d \u2013 Kurzst\u00fccke ( alle Hochschulen ) unter anderem: \u201dVerwicklungen \u2013 Kokons\u201d \/ Von und mit Astrid Kirchner; \u201dOperationen\u201d \u2013 nach \u201cHerzst\u00fcck\u201d \/ Von Heiner M\u00fcller; Regie: Klaus Gehre; \u201dDein Gl\u00fcck ist kein Gl\u00fcck Dein Gl\u00fcck ist Pech\u201d \/ \u201cGlobus interruptus \u2013 Best of\u201d Von und mit Hagen Damwerth; \u201dSchwarze Weihnacht. Ein heiliger abend f\u00fcr Charles Mingus\u201d \u2013 Almaviva \u2013 Musiktheaterproduktion e.V., Regie: Joscha Schaback<br>08.02.2000: Sartre \u2013 \u201cGeschlossene Gesellschaft\u201d (HU) &#8211; Regie: Peggy Langhans.<br>09.02.2000: \u201dThe Blair Witch Project\u201d (HfM Hanns Eisler) &#8211; post theater, Idee und Regie: Max Schumacher<\/p>\n<p>1999 \u2013 1. Theatertreffen der Berliner Hochschulen<\/p>\n<p>9. bis 21. Februar 1999 unter der Schirmherrschaft von Johann Kresnik<\/p>\n<p>09.02.1999: Hinter Mozambique<br>12.02.1999: Aufzeichnungen aus einem toten Haus<br>13.02.1999: Frischfleisch am Flie\u00dfband<br>16.02.1999: Leben in der D\u00e4mmerung<br>17.02.1999: Szenenstudium der \u201cErnst Busch<br>18.02.1999: Einladung zum Diner<br>19.02.1999: Z\u00fcndels Abgang<br>20.02.1999: Hinter Mozambique<br>21.02.1999: Hinter Mozambique<\/p>\n","protected":false},"excerpt":{"rendered":"<p>Vorstand 2020 &#8211; 2021 \u00c4nne-Marthe K\u00fchnCaroline K\u00fchnerAnn-Kristin Mayr Vorstand 2017 &#8211; 2019 Gabi Bartels\u00c4nne-Marthe K\u00fchnSebastian D\u00f6ring Vorstand 2015 &#8211; 2016 Gabi Bartels\u00c4nne-Marthe K\u00fchnSebastian D\u00f6ring Vorstand 2013 &#8211; 2014 Gabi Bartels\u00c4nne-Marthe K\u00fchnSebastian D\u00f6ring Vorstand 2010 &#8211;&#8230;<\/p>\n","protected":false},"author":1,"featured_media":0,"parent":0,"menu_order":0,"comment_status":"closed","ping_status":"closed","template":"","meta":[],"_links":{"self":[{"href":"http:\/\/www.neuropolis.eu\/index.php?rest_route=\/wp\/v2\/pages\/17"}],"collection":[{"href":"http:\/\/www.neuropolis.eu\/index.php?rest_route=\/wp\/v2\/pages"}],"about":[{"href":"http:\/\/www.neuropolis.eu\/index.php?rest_route=\/wp\/v2\/types\/page"}],"author":[{"embeddable":true,"href":"http:\/\/www.neuropolis.eu\/index.php?rest_route=\/wp\/v2\/users\/1"}],"replies":[{"embeddable":true,"href":"http:\/\/www.neuropolis.eu\/index.php?rest_route=%2Fwp%2Fv2%2Fcomments&post=17"}],"version-history":[{"count":7,"href":"http:\/\/www.neuropolis.eu\/index.php?rest_route=\/wp\/v2\/pages\/17\/revisions"}],"predecessor-version":[{"id":167,"href":"http:\/\/www.neuropolis.eu\/index.php?rest_route=\/wp\/v2\/pages\/17\/revisions\/167"}],"wp:attachment":[{"href":"http:\/\/www.neuropolis.eu\/index.php?rest_route=%2Fwp%2Fv2%2Fmedia&parent=17"}],"curies":[{"name":"wp","href":"https:\/\/api.w.org\/{rel}","templated":true}]}}