{"id":4,"date":"2013-08-14T17:22:21","date_gmt":"2013-08-14T15:22:21","guid":{"rendered":"http:\/\/neuropolis.eu.212-8-206-150.preview.greensta.de\/wordpress\/?page_id=4"},"modified":"2013-08-29T21:26:59","modified_gmt":"2013-08-29T19:26:59","slug":"uber-neuropolis","status":"publish","type":"page","link":"http:\/\/www.neuropolis.eu\/","title":{"rendered":"\u00fcber neuropolis"},"content":{"rendered":"<p><div dir=\"ltr\" data-font-name=\"g_font_p1_2\" data-canvas-width=\"556.2524101997996\"><em>neuropolis<\/em> ist ein Zusammenschluss von Freunden und F\u00f6rderern von Kultur, kultureller Bildung und gesellschaftspolitischem Engagement. Der Verein ist gemeinn\u00fctzig und hat das Ziel, k\u00fcnstlerische und kulturelle Ideen zu f\u00f6rdern, zu entwickeln und umzusetzen.<\/div>\n<\/p>\n<p><div dir=\"ltr\" data-font-name=\"g_font_p1_2\" data-canvas-width=\"556.2524101997996\">Kulturschaffenden bieten wir eine Plattform f\u00fcr projekt\u00fcbergreifende Vernetzung und Diskussion. Dazu geh\u00f6rt auch die B\u00fcndelung von Interessen in der Berliner Kulturpolitik und ganz allgemein der Austausch von Knowhow. Wir k\u00f6nnen zum Beispiel beim Formulieren von Antr\u00e4gen helfen oder einen Schirm bieten als Veranstalter f\u00fcr Projekte. <\/div>\n<\/p>\n<p><div dir=\"ltr\" data-font-name=\"g_font_p1_2\" data-canvas-width=\"556.2524101997996\">Anlaufstelle und Kontaktb\u00f6rse ist unser monatlicher Stammtisch. Wenn du rumkommen m\u00f6chtest, melde dich einfach unter team@neuropolis.eu bei uns. Wenn wir dich \u00fcber unsere Aktivit\u00e4ten auf dem laufenden halten sollen, abonniere den <a href=\"http:\/\/lists.neuropolis.eu\/cgi-bin\/mailman\/listinfo\/newsletters\" target=\"_blank\">Newsletter<\/a>.<\/div><\/p>\n","protected":false},"excerpt":{"rendered":"<p>neuropolis ist ein Zusammenschluss von Freunden und F\u00f6rderern von Kultur, kultureller Bildung und gesellschaftspolitischem Engagement. Der Verein ist gemeinn\u00fctzig und hat das Ziel, k\u00fcnstlerische und kulturelle Ideen zu f\u00f6rdern, zu entwickeln und umzusetzen. Kulturschaffenden bieten&#8230;<\/p>\n","protected":false},"author":1,"featured_media":0,"parent":0,"menu_order":0,"comment_status":"closed","ping_status":"closed","template":"","meta":[],"_links":{"self":[{"href":"http:\/\/www.neuropolis.eu\/index.php?rest_route=\/wp\/v2\/pages\/4"}],"collection":[{"href":"http:\/\/www.neuropolis.eu\/index.php?rest_route=\/wp\/v2\/pages"}],"about":[{"href":"http:\/\/www.neuropolis.eu\/index.php?rest_route=\/wp\/v2\/types\/page"}],"author":[{"embeddable":true,"href":"http:\/\/www.neuropolis.eu\/index.php?rest_route=\/wp\/v2\/users\/1"}],"replies":[{"embeddable":true,"href":"http:\/\/www.neuropolis.eu\/index.php?rest_route=%2Fwp%2Fv2%2Fcomments&post=4"}],"version-history":[{"count":16,"href":"http:\/\/www.neuropolis.eu\/index.php?rest_route=\/wp\/v2\/pages\/4\/revisions"}],"predecessor-version":[{"id":85,"href":"http:\/\/www.neuropolis.eu\/index.php?rest_route=\/wp\/v2\/pages\/4\/revisions\/85"}],"wp:attachment":[{"href":"http:\/\/www.neuropolis.eu\/index.php?rest_route=%2Fwp%2Fv2%2Fmedia&parent=4"}],"curies":[{"name":"wp","href":"https:\/\/api.w.org\/{rel}","templated":true}]}}